{"id":276,"date":"2022-04-26T10:22:54","date_gmt":"2022-04-26T08:22:54","guid":{"rendered":"https:\/\/slonecznycypel.pl\/attractions\/horse-riding\/"},"modified":"2022-05-10T08:27:07","modified_gmt":"2022-05-10T06:27:07","slug":"horse-riding","status":"publish","type":"page","link":"https:\/\/slonecznycypel.pl\/en\/attractions\/horse-riding\/","title":{"rendered":"Horse riding"},"content":{"rendered":"\n<p>We invite you to Gr\u00f3dek nad Dunajcem for a holiday in the saddle! Near the Sunny Point there is a horse stud &#8220;Ko\u0144ski oGr\u00f3dek&#8221; with an offer for children and adults. In addition to riding lessons at the stud, you can also take advantage of additional attractions, such as a horse cart ride, barbecue, bonfire, sleigh ride, etc. The Horse Riding Stables organizes horse rides in the surrounding forests. The center provides horse riding lessons from scratch, and also has a special offer for organized groups.<\/p>\n\n<p>As you can see, there are plenty of attractions for children and adults in Gr\u00f3dek nad Dunajcem. Many of them, including horse riding, are also waiting for tourists outside the summer season. Spending time outdoors with such wonderful animals as horses brings a lot of joy and satisfaction. We invite all horse riding enthusiasts to Gr\u00f3dek nad Dunajcem, where you can combine your passion with relaxation by a beautiful lake in the comfortable S\u0142oneczny Cypel apartments.<\/p>\n","protected":false},"excerpt":{"rendered":"<p>We invite you to Gr\u00f3dek nad Dunajcem for a holiday in the saddle! Near the&#8230;<\/p>\n","protected":false},"author":1,"featured_media":0,"parent":275,"menu_order":0,"comment_status":"closed","ping_status":"closed","template":"","meta":{"_acf_changed":false,"inline_featured_image":false,"footnotes":""},"class_list":["post-276","page","type-page","status-publish","hentry"],"acf":[],"_links":{"self":[{"href":"https:\/\/slonecznycypel.pl\/en\/wp-json\/wp\/v2\/pages\/276","targetHints":{"allow":["GET"]}}],"collection":[{"href":"https:\/\/slonecznycypel.pl\/en\/wp-json\/wp\/v2\/pages"}],"about":[{"href":"https:\/\/slonecznycypel.pl\/en\/wp-json\/wp\/v2\/types\/page"}],"author":[{"embeddable":true,"href":"https:\/\/slonecznycypel.pl\/en\/wp-json\/wp\/v2\/users\/1"}],"replies":[{"embeddable":true,"href":"https:\/\/slonecznycypel.pl\/en\/wp-json\/wp\/v2\/comments?post=276"}],"version-history":[{"count":1,"href":"https:\/\/slonecznycypel.pl\/en\/wp-json\/wp\/v2\/pages\/276\/revisions"}],"predecessor-version":[{"id":277,"href":"https:\/\/slonecznycypel.pl\/en\/wp-json\/wp\/v2\/pages\/276\/revisions\/277"}],"up":[{"embeddable":true,"href":"https:\/\/slonecznycypel.pl\/en\/wp-json\/wp\/v2\/pages\/275"}],"wp:attachment":[{"href":"https:\/\/slonecznycypel.pl\/en\/wp-json\/wp\/v2\/media?parent=276"}],"curies":[{"name":"wp","href":"https:\/\/api.w.org\/{rel}","templated":true}]}}