{"id":282,"date":"2022-04-26T10:22:28","date_gmt":"2022-04-26T08:22:28","guid":{"rendered":"https:\/\/slonecznycypel.pl\/attractions\/cruises-on-the-lake\/"},"modified":"2022-05-10T08:36:09","modified_gmt":"2022-05-10T06:36:09","slug":"cruises-on-the-lake","status":"publish","type":"page","link":"https:\/\/slonecznycypel.pl\/en\/attractions\/cruises-on-the-lake\/","title":{"rendered":"Cruises on the lake"},"content":{"rendered":"\n<p>Everyone who visits Gr\u00f3dek nad Dunajcem should go on a cruise on the Ro\u017cnowskie Lake. Ships run on the route Gr\u00f3dek &#8211; the dam in Ro\u017cn\u00f3w. In summer, cruises are organized every day. For organized groups, it is possible to rent the entire unit &#8211; in this matter, please contact the cruise operator. All information, records and the possibility of buying tickets for a cruise are available at the &#8220;Barbara&#8221; Recreation Center in Gr\u00f3dek nad Dunajcem or directly from the ship&#8217;s captain. The cruise, including the break, takes about 1.5 hours. Suggested hours of cruises from Gr\u00f3dek nad Dunajcem: 10.00, 12.00, 14.00, 16.00. The organizer reserves the right to change the ship&#8217;s operating hours. During the summer season, at weekends and when the weather is fine, the ships operate from morning until evening.<\/p>\n\n<p>A cruise is a great way to admire the beauty of the landscape from the perspective of the waters of Lake Ro\u017cnowskie. The large area of \u200b\u200bthe lake creates very good conditions for sports and water tourism.<\/p>\n","protected":false},"excerpt":{"rendered":"<p>Everyone who visits Gr\u00f3dek nad Dunajcem should go on a cruise on the Ro\u017cnowskie Lake&#8230;.<\/p>\n","protected":false},"author":1,"featured_media":0,"parent":275,"menu_order":0,"comment_status":"closed","ping_status":"closed","template":"","meta":{"_acf_changed":false,"inline_featured_image":false,"footnotes":""},"class_list":["post-282","page","type-page","status-publish","hentry"],"acf":[],"_links":{"self":[{"href":"https:\/\/slonecznycypel.pl\/en\/wp-json\/wp\/v2\/pages\/282","targetHints":{"allow":["GET"]}}],"collection":[{"href":"https:\/\/slonecznycypel.pl\/en\/wp-json\/wp\/v2\/pages"}],"about":[{"href":"https:\/\/slonecznycypel.pl\/en\/wp-json\/wp\/v2\/types\/page"}],"author":[{"embeddable":true,"href":"https:\/\/slonecznycypel.pl\/en\/wp-json\/wp\/v2\/users\/1"}],"replies":[{"embeddable":true,"href":"https:\/\/slonecznycypel.pl\/en\/wp-json\/wp\/v2\/comments?post=282"}],"version-history":[{"count":1,"href":"https:\/\/slonecznycypel.pl\/en\/wp-json\/wp\/v2\/pages\/282\/revisions"}],"predecessor-version":[{"id":283,"href":"https:\/\/slonecznycypel.pl\/en\/wp-json\/wp\/v2\/pages\/282\/revisions\/283"}],"up":[{"embeddable":true,"href":"https:\/\/slonecznycypel.pl\/en\/wp-json\/wp\/v2\/pages\/275"}],"wp:attachment":[{"href":"https:\/\/slonecznycypel.pl\/en\/wp-json\/wp\/v2\/media?parent=282"}],"curies":[{"name":"wp","href":"https:\/\/api.w.org\/{rel}","templated":true}]}}