{"id":288,"date":"2022-04-26T10:23:17","date_gmt":"2022-04-26T08:23:17","guid":{"rendered":"https:\/\/slonecznycypel.pl\/attractions\/tourist-routes\/"},"modified":"2022-05-10T08:44:57","modified_gmt":"2022-05-10T06:44:57","slug":"tourist-routes","status":"publish","type":"page","link":"https:\/\/slonecznycypel.pl\/en\/attractions\/tourist-routes\/","title":{"rendered":"Tourist routes"},"content":{"rendered":"\n<p>We encourage you to visit the beautiful surroundings of Lake Ro\u017cnowskie during cycling and hiking tours. The local areas are perfect for outdoor activities. Tourists eagerly use it for running training, cycling or marching with Nordic walking poles. There are PTTK routes running around Lake Ro\u017cnowskie, which allow tourists to reap the maximum benefits of the natural conditions offered by this area. There is a local bicycle rental in Bartkowa-Posadowa.<\/p>\n\n<p>The following hiking trails run along the Ro\u017cnowskie Lake:<\/p>\n\n<ul class=\"wp-block-list\"><li>blue &#8211; Bartkowa &#8211; Ro\u017cn\u00f3w (2 hours), Ro\u017cn\u00f3w dam &#8211; Ro\u017cn\u00f3w Zag\u00f3rze &#8211; Ostra G\u00f3ra north. &#8211; Ostra G\u00f3ra South &#8211; Znamirowice &#8211; Just (2 hours 30 minutes), Bartkowa &#8211; Przydonica (1 hour 15 minutes) &#8211; Bukowiec (3 hours),<\/li><li>red &#8211; Bartkowa &#8211; Jelna (3 hours 15 minutes) &#8211; Nowy S\u0105cz (6 hours 30 minutes),<\/li><li>yellow &#8211; Bartkowa &#8211; Majdan (1 hour 15 minutes) &#8211; Posadowa (2 hours) &#8211; Jamna Potoki (3 hours).<\/li><\/ul>\n\n<p><br\/>The varied topography and beautiful views over Lake Ro\u017cnowskie encourage hiking and cycling. By cycling, running or walking with Nordic walking poles, you can oxygenate your body, keep fit and visit the beautiful corners of the Nowy S\u0105cz region.<\/p>\n","protected":false},"excerpt":{"rendered":"<p>We encourage you to visit the beautiful surroundings of Lake Ro\u017cnowskie during cycling and hiking&#8230;<\/p>\n","protected":false},"author":1,"featured_media":0,"parent":275,"menu_order":0,"comment_status":"closed","ping_status":"closed","template":"","meta":{"_acf_changed":false,"inline_featured_image":false,"footnotes":""},"class_list":["post-288","page","type-page","status-publish","hentry"],"acf":[],"_links":{"self":[{"href":"https:\/\/slonecznycypel.pl\/en\/wp-json\/wp\/v2\/pages\/288","targetHints":{"allow":["GET"]}}],"collection":[{"href":"https:\/\/slonecznycypel.pl\/en\/wp-json\/wp\/v2\/pages"}],"about":[{"href":"https:\/\/slonecznycypel.pl\/en\/wp-json\/wp\/v2\/types\/page"}],"author":[{"embeddable":true,"href":"https:\/\/slonecznycypel.pl\/en\/wp-json\/wp\/v2\/users\/1"}],"replies":[{"embeddable":true,"href":"https:\/\/slonecznycypel.pl\/en\/wp-json\/wp\/v2\/comments?post=288"}],"version-history":[{"count":1,"href":"https:\/\/slonecznycypel.pl\/en\/wp-json\/wp\/v2\/pages\/288\/revisions"}],"predecessor-version":[{"id":289,"href":"https:\/\/slonecznycypel.pl\/en\/wp-json\/wp\/v2\/pages\/288\/revisions\/289"}],"up":[{"embeddable":true,"href":"https:\/\/slonecznycypel.pl\/en\/wp-json\/wp\/v2\/pages\/275"}],"wp:attachment":[{"href":"https:\/\/slonecznycypel.pl\/en\/wp-json\/wp\/v2\/media?parent=288"}],"curies":[{"name":"wp","href":"https:\/\/api.w.org\/{rel}","templated":true}]}}